{"id":8045,"date":"2021-06-02T23:49:42","date_gmt":"2021-06-02T21:49:42","guid":{"rendered":"http:\/\/51.210.180.72\/?page_id=8045"},"modified":"2021-12-02T11:32:03","modified_gmt":"2021-12-02T10:32:03","slug":"activites","status":"publish","type":"page","link":"https:\/\/hb-fondation.com\/?page_id=8045","title":{"rendered":"Activit\u00e9s"},"content":{"rendered":"\t\t<div data-elementor-type=\"wp-page\" data-elementor-id=\"8045\" class=\"elementor elementor-8045\">\n\t\t\t\t\t\t\t\t\t<section class=\"elementor-section elementor-top-section elementor-element elementor-element-82f7beb elementor-section-full_width elementor-section-height-default elementor-section-height-default wpr-particle-no wpr-jarallax-no wpr-parallax-no wpr-sticky-section-no\" data-id=\"82f7beb\" data-element_type=\"section\">\n\t\t\t\t\t\t<div class=\"elementor-container elementor-column-gap-default\">\n\t\t\t\t\t<div class=\"elementor-column elementor-col-100 elementor-top-column elementor-element elementor-element-4d75203\" data-id=\"4d75203\" data-element_type=\"column\" data-settings=\"{&quot;avante_ext_is_scrollme&quot;:&quot;false&quot;,&quot;avante_ext_is_smoove&quot;:&quot;false&quot;,&quot;avante_ext_is_parallax_mouse&quot;:&quot;false&quot;,&quot;avante_ext_is_infinite&quot;:&quot;false&quot;}\">\n\t\t\t<div class=\"elementor-widget-wrap elementor-element-populated\">\n\t\t\t\t\t\t\t\t<div class=\"elementor-element elementor-element-b55fa01 elementor-widget elementor-widget-avante-slider-transitions\" data-id=\"b55fa01\" data-element_type=\"widget\" data-settings=\"{&quot;avante_ext_is_scrollme&quot;:&quot;false&quot;,&quot;avante_ext_is_smoove&quot;:&quot;false&quot;,&quot;avante_ext_is_parallax_mouse&quot;:&quot;false&quot;,&quot;avante_ext_is_infinite&quot;:&quot;false&quot;}\" data-widget_type=\"avante-slider-transitions.default\">\n\t\t\t\t<div class=\"elementor-widget-container\">\n\t\t\t<div class=\"transitions-slide-container\">\n\t<div class=\"swiper-container\">\n\t\t<div class=\"swiper-wrapper\">\n\t\t<div class=\"swiper-slide\">\n\t\t\t<div class=\"swiper-image\" data-swiper-parallax-y=\"-20%\">\n\t           \t<div class=\"swiper-image-inner swiper-image-left\" style=\"background-image:url(http:\/\/51.210.180.72\/wp-content\/uploads\/2021\/06\/material-escolar-mochila-escolar-lista-de-material-1484747075165_v2_900x506.jpg);\">\n\t\t           \t<div class=\"bg-overlay\"><\/div>\n\t\t           \t\t\t\t          <h1>Secteur de l&#039;\u00e9ducation<\/h1>\n\t\t\t\t\t\t            <\/div>\n\t        <\/div>\n\n\t\t    <div class=\"swiper-image\" data-swiper-parallax-y=\"35%\">\n\t            <div class=\"swiper-image-inner swiper-image-right\" style=\"background-image:url(http:\/\/51.210.180.72\/wp-content\/uploads\/2021\/05\/58775350_2543185635694546_6009333522609733632_n.jpg);\">\n\t\t            <div class=\"bg-overlay\"><\/div>\n\t\t            \t\t\t\t\t<p class=\"paragraph\">\n\t\t\t\t\t\tConvaincue que l\u2019\u00e9ducation des enfants constitue un levier pour une r\u00e9elle \u00e9galit\u00e9 des chances, la Fondation  a entam\u00e9 un programme d\u2019\u2019am\u00e9lioration des conditions d\u2019apprentissage visant ainsi la qualit\u00e9 de l\u2019environnement scolaire ...\t\t\t\t\t\n\t\t\t\t\t\t\t\t\t\t\t\t<br class=\"clear\"\/><a class=\"transitions-slide-content-link\" href=\"http:\/\/51.210.180.72\/education\/\" >Voir toutes les activit\u00e9s<\/a>\n\t\t\t\t\t\t\t\n\t\t\t\t\t<\/p>\n\t\t\t\t\t\t            <\/div>\n\t        <\/div>\n\t  \t<\/div>\n\t\t<div class=\"swiper-slide\">\n\t\t\t<div class=\"swiper-image\" data-swiper-parallax-y=\"-20%\">\n\t           \t<div class=\"swiper-image-inner swiper-image-left\" style=\"background-image:url(http:\/\/51.210.180.72\/wp-content\/uploads\/2021\/07\/123728434_3905084339504662_7097244213740809435_n.jpg);\">\n\t\t           \t<div class=\"bg-overlay\"><\/div>\n\t\t           \t\t\t\t          <h1>Secteur de la sant\u00e9<\/h1>\n\t\t\t\t\t\t            <\/div>\n\t        <\/div>\n\n\t\t    <div class=\"swiper-image\" data-swiper-parallax-y=\"35%\">\n\t            <div class=\"swiper-image-inner swiper-image-right\" style=\"background-image:url(http:\/\/51.210.180.72\/wp-content\/uploads\/2021\/05\/106032232_3491375090875591_5507129047809731122_n.jpg);\">\n\t\t            <div class=\"bg-overlay\"><\/div>\n\t\t            \t\t\t\t\t<p class=\"paragraph\">\n\t\t\t\t\t\tLa Fondation s\u2019est mobilis\u00e9e lors de la crise sanitaire due au covid-19 pour soutenir le secteur de la sant\u00e9, et a propos\u00e9 son aide, d\u00e8s les premiers jours de la crise...\t\t\t\t\t\n\t\t\t\t\t\t\t\t\t\t\t\t<br class=\"clear\"\/><a class=\"transitions-slide-content-link\" href=\"http:\/\/51.210.180.72\/sante\/\" >Voir toutes les activit\u00e9s<\/a>\n\t\t\t\t\t\t\t\n\t\t\t\t\t<\/p>\n\t\t\t\t\t\t            <\/div>\n\t        <\/div>\n\t  \t<\/div>\n\t\t<\/div>\n\t\t<div class=\"swiper-pagination\"><\/div>\n\t<\/div>\n<\/div>\n\t\t<\/div>\n\t\t\t\t<\/div>\n\t\t\t\t\t<\/div>\n\t\t<\/div>\n\t\t\t\t\t\t\t<\/div>\n\t\t<\/section>\n\t\t\t\t\t\t\t<\/div>\n\t\t","protected":false},"excerpt":{"rendered":"<p>Secteur de l&rsquo;\u00e9ducation Convaincue que l\u2019\u00e9ducation des enfants constitue un levier pour une r\u00e9elle \u00e9galit\u00e9 des chances, la Fondation a entam\u00e9 un programme d\u2019\u2019am\u00e9lioration des conditions d\u2019apprentissage visant ainsi la qualit\u00e9 de l\u2019environnement scolaire &#8230; Voir toutes les activit\u00e9s Secteur [&hellip;]<\/p>\n","protected":false},"author":1,"featured_media":0,"parent":0,"menu_order":0,"comment_status":"closed","ping_status":"closed","template":"","meta":[],"_links":{"self":[{"href":"https:\/\/hb-fondation.com\/index.php?rest_route=\/wp\/v2\/pages\/8045"}],"collection":[{"href":"https:\/\/hb-fondation.com\/index.php?rest_route=\/wp\/v2\/pages"}],"about":[{"href":"https:\/\/hb-fondation.com\/index.php?rest_route=\/wp\/v2\/types\/page"}],"author":[{"embeddable":true,"href":"https:\/\/hb-fondation.com\/index.php?rest_route=\/wp\/v2\/users\/1"}],"replies":[{"embeddable":true,"href":"https:\/\/hb-fondation.com\/index.php?rest_route=%2Fwp%2Fv2%2Fcomments&post=8045"}],"version-history":[{"count":0,"href":"https:\/\/hb-fondation.com\/index.php?rest_route=\/wp\/v2\/pages\/8045\/revisions"}],"wp:attachment":[{"href":"https:\/\/hb-fondation.com\/index.php?rest_route=%2Fwp%2Fv2%2Fmedia&parent=8045"}],"curies":[{"name":"wp","href":"https:\/\/api.w.org\/{rel}","templated":true}]}}