{"id":14033,"date":"2021-12-22T10:24:11","date_gmt":"2021-12-22T09:24:11","guid":{"rendered":"http:\/\/51.210.180.72\/?page_id=14033"},"modified":"2022-05-27T12:12:48","modified_gmt":"2022-05-27T10:12:48","slug":"alain-bassier","status":"publish","type":"page","link":"https:\/\/hb-fondation.com\/?page_id=14033","title":{"rendered":"Alain Bassier"},"content":{"rendered":"\t\t<div data-elementor-type=\"wp-page\" data-elementor-id=\"14033\" class=\"elementor elementor-14033\">\n\t\t\t\t\t\t\t\t\t<section class=\"elementor-section elementor-top-section elementor-element elementor-element-4ba7ad8 elementor-section-full_width elementor-section-height-min-height elementor-section-stretched elementor-section-height-default elementor-section-items-middle wpr-particle-no wpr-jarallax-no wpr-parallax-no wpr-sticky-section-no\" data-id=\"4ba7ad8\" data-element_type=\"section\" data-settings=\"{&quot;stretch_section&quot;:&quot;section-stretched&quot;,&quot;background_background&quot;:&quot;classic&quot;}\">\n\t\t\t\t\t\t<div class=\"elementor-container elementor-column-gap-default\">\n\t\t\t\t\t<div class=\"elementor-column elementor-col-100 elementor-top-column elementor-element elementor-element-bad9c50\" data-id=\"bad9c50\" data-element_type=\"column\" data-settings=\"{&quot;avante_ext_is_scrollme&quot;:&quot;false&quot;,&quot;avante_ext_is_smoove&quot;:&quot;false&quot;,&quot;avante_ext_is_parallax_mouse&quot;:&quot;false&quot;,&quot;avante_ext_is_infinite&quot;:&quot;false&quot;}\">\n\t\t\t<div class=\"elementor-widget-wrap elementor-element-populated\">\n\t\t\t\t\t\t\t\t<section class=\"elementor-section elementor-inner-section elementor-element elementor-element-bb0d029 elementor-section-boxed elementor-section-height-default elementor-section-height-default wpr-particle-no wpr-jarallax-no wpr-parallax-no wpr-sticky-section-no\" data-id=\"bb0d029\" data-element_type=\"section\">\n\t\t\t\t\t\t<div class=\"elementor-container elementor-column-gap-default\">\n\t\t\t\t\t<div class=\"elementor-column elementor-col-100 elementor-inner-column elementor-element elementor-element-5b925cb\" data-id=\"5b925cb\" data-element_type=\"column\" data-settings=\"{&quot;avante_ext_is_scrollme&quot;:&quot;false&quot;,&quot;avante_ext_is_smoove&quot;:&quot;false&quot;,&quot;avante_ext_is_parallax_mouse&quot;:&quot;false&quot;,&quot;avante_ext_is_infinite&quot;:&quot;false&quot;}\">\n\t\t\t<div class=\"elementor-widget-wrap elementor-element-populated\">\n\t\t\t\t\t\t\t\t<div class=\"elementor-element elementor-element-e66e576 elementor-widget__width-inherit elementor-widget-tablet__width-inherit elementor-widget elementor-widget-heading\" data-id=\"e66e576\" data-element_type=\"widget\" data-settings=\"{&quot;avante_ext_is_infinite&quot;:&quot;false&quot;}\" data-widget_type=\"heading.default\">\n\t\t\t\t<div class=\"elementor-widget-container\">\n\t\t\t<h2 class=\"elementor-heading-title elementor-size-default\">T\u00e9moignage d\u2019Alain  BASSIER<\/h2>\t\t<\/div>\n\t\t\t\t<\/div>\n\t\t\t\t<div class=\"elementor-element elementor-element-1544f88 elementor-widget__width-inherit elementor-widget-tablet__width-inherit elementor-widget elementor-widget-heading\" data-id=\"1544f88\" data-element_type=\"widget\" data-settings=\"{&quot;avante_ext_is_infinite&quot;:&quot;false&quot;}\" data-widget_type=\"heading.default\">\n\t\t\t\t<div class=\"elementor-widget-container\">\n\t\t\t<h2 class=\"elementor-heading-title elementor-size-default\">Ancien Ing\u00e9nieur \u00e0 la Division Travaux de la Soci\u00e9t\u00e9 Nationale des P\u00e9troles\nd\u2019Aquitaine - France. <br>Ancien Responsable du secteur M\u00e9diterran\u00e9e<\/h2>\t\t<\/div>\n\t\t\t\t<\/div>\n\t\t\t\t\t<\/div>\n\t\t<\/div>\n\t\t\t\t\t\t\t<\/div>\n\t\t<\/section>\n\t\t\t\t\t<\/div>\n\t\t<\/div>\n\t\t\t\t\t\t\t<\/div>\n\t\t<\/section>\n\t\t\t\t<section class=\"elementor-section elementor-top-section elementor-element elementor-element-b11de9a elementor-section-full_width elementor-section-stretched elementor-section-height-default elementor-section-height-default wpr-particle-no wpr-jarallax-no wpr-parallax-no wpr-sticky-section-no\" data-id=\"b11de9a\" data-element_type=\"section\" data-settings=\"{&quot;stretch_section&quot;:&quot;section-stretched&quot;,&quot;animation&quot;:&quot;none&quot;}\">\n\t\t\t\t\t\t<div class=\"elementor-container elementor-column-gap-default\">\n\t\t\t\t\t<div class=\"elementor-column elementor-col-100 elementor-top-column elementor-element elementor-element-e28f6dc\" data-id=\"e28f6dc\" data-element_type=\"column\" data-settings=\"{&quot;avante_ext_is_scrollme&quot;:&quot;false&quot;,&quot;avante_ext_is_smoove&quot;:&quot;false&quot;,&quot;avante_ext_is_parallax_mouse&quot;:&quot;false&quot;,&quot;avante_ext_is_infinite&quot;:&quot;false&quot;}\">\n\t\t\t<div class=\"elementor-widget-wrap elementor-element-populated\">\n\t\t\t\t\t\t\t\t<div class=\"elementor-element elementor-element-1256a65 elementor-widget elementor-widget-spacer\" data-id=\"1256a65\" data-element_type=\"widget\" data-settings=\"{&quot;avante_ext_is_scrollme&quot;:&quot;false&quot;,&quot;avante_ext_is_smoove&quot;:&quot;false&quot;,&quot;avante_ext_is_parallax_mouse&quot;:&quot;false&quot;,&quot;avante_ext_is_infinite&quot;:&quot;false&quot;}\" data-widget_type=\"spacer.default\">\n\t\t\t\t<div class=\"elementor-widget-container\">\n\t\t\t\t\t<div class=\"elementor-spacer\">\n\t\t\t<div class=\"elementor-spacer-inner\"><\/div>\n\t\t<\/div>\n\t\t\t\t<\/div>\n\t\t\t\t<\/div>\n\t\t\t\t\t<\/div>\n\t\t<\/div>\n\t\t\t\t\t\t\t<\/div>\n\t\t<\/section>\n\t\t\t\t<section class=\"elementor-section elementor-top-section elementor-element elementor-element-8f8e90f elementor-section-full_width elementor-section-stretched elementor-section-height-default elementor-section-height-default wpr-particle-no wpr-jarallax-no wpr-parallax-no wpr-sticky-section-no\" data-id=\"8f8e90f\" data-element_type=\"section\" data-settings=\"{&quot;stretch_section&quot;:&quot;section-stretched&quot;,&quot;background_background&quot;:&quot;classic&quot;}\">\n\t\t\t\t\t\t<div class=\"elementor-container elementor-column-gap-default\">\n\t\t\t\t\t<div class=\"elementor-column elementor-col-100 elementor-top-column elementor-element elementor-element-3eebce4\" data-id=\"3eebce4\" data-element_type=\"column\" data-settings=\"{&quot;avante_ext_is_scrollme&quot;:&quot;false&quot;,&quot;avante_ext_is_smoove&quot;:&quot;false&quot;,&quot;avante_ext_is_parallax_mouse&quot;:&quot;false&quot;,&quot;avante_ext_is_infinite&quot;:&quot;false&quot;}\">\n\t\t\t<div class=\"elementor-widget-wrap elementor-element-populated\">\n\t\t\t\t\t\t\t\t<div class=\"elementor-element elementor-element-8cf4d07 elementor-widget elementor-widget-spacer\" data-id=\"8cf4d07\" data-element_type=\"widget\" data-settings=\"{&quot;avante_ext_is_scrollme&quot;:&quot;false&quot;,&quot;avante_ext_is_smoove&quot;:&quot;false&quot;,&quot;avante_ext_is_parallax_mouse&quot;:&quot;false&quot;,&quot;avante_ext_is_infinite&quot;:&quot;false&quot;}\" data-widget_type=\"spacer.default\">\n\t\t\t\t<div class=\"elementor-widget-container\">\n\t\t\t\t\t<div class=\"elementor-spacer\">\n\t\t\t<div class=\"elementor-spacer-inner\"><\/div>\n\t\t<\/div>\n\t\t\t\t<\/div>\n\t\t\t\t<\/div>\n\t\t\t\t\t<\/div>\n\t\t<\/div>\n\t\t\t\t\t\t\t<\/div>\n\t\t<\/section>\n\t\t\t\t<section class=\"elementor-section elementor-top-section elementor-element elementor-element-8d6d974 elementor-section-stretched elementor-section-boxed elementor-section-height-default elementor-section-height-default wpr-particle-no wpr-jarallax-no wpr-parallax-no wpr-sticky-section-no\" data-id=\"8d6d974\" data-element_type=\"section\" data-settings=\"{&quot;stretch_section&quot;:&quot;section-stretched&quot;,&quot;background_background&quot;:&quot;classic&quot;}\">\n\t\t\t\t\t\t\t<div class=\"elementor-background-overlay\"><\/div>\n\t\t\t\t\t\t\t<div class=\"elementor-container elementor-column-gap-default\">\n\t\t\t\t\t<div class=\"elementor-column elementor-col-33 elementor-top-column elementor-element elementor-element-227b5c1\" data-id=\"227b5c1\" data-element_type=\"column\" data-settings=\"{&quot;avante_ext_is_scrollme&quot;:&quot;false&quot;,&quot;avante_ext_is_smoove&quot;:&quot;false&quot;,&quot;avante_ext_is_parallax_mouse&quot;:&quot;false&quot;,&quot;avante_ext_is_infinite&quot;:&quot;false&quot;}\">\n\t\t\t<div class=\"elementor-widget-wrap elementor-element-populated\">\n\t\t\t\t\t\t\t\t<div class=\"elementor-element elementor-element-89924c4 elementor-position-left elementor-view-default elementor-mobile-position-top elementor-vertical-align-top elementor-widget elementor-widget-icon-box\" data-id=\"89924c4\" data-element_type=\"widget\" data-settings=\"{&quot;avante_ext_is_scrollme&quot;:&quot;false&quot;,&quot;avante_ext_is_smoove&quot;:&quot;false&quot;,&quot;avante_ext_is_parallax_mouse&quot;:&quot;false&quot;,&quot;avante_ext_is_infinite&quot;:&quot;false&quot;}\" data-widget_type=\"icon-box.default\">\n\t\t\t\t<div class=\"elementor-widget-container\">\n\t\t\t\t\t<div class=\"elementor-icon-box-wrapper\">\n\t\t\t\t\t\t<div class=\"elementor-icon-box-icon\">\n\t\t\t\t<a class=\"elementor-icon elementor-animation-\" href=\"https:\/\/hb-fondation.com\/\">\n\t\t\t\t<i aria-hidden=\"true\" class=\"far fa-arrow-alt-circle-right\"><\/i>\t\t\t\t<\/a>\n\t\t\t<\/div>\n\t\t\t\t\t\t<div class=\"elementor-icon-box-content\">\n\t\t\t\t<h6 class=\"elementor-icon-box-title\">\n\t\t\t\t\t<a href=\"https:\/\/hb-fondation.com\/\" >\n\t\t\t\t\t\tAccueil\t\t\t\t\t<\/a>\n\t\t\t\t<\/h6>\n\t\t\t\t\t\t\t<\/div>\n\t\t<\/div>\n\t\t\t\t<\/div>\n\t\t\t\t<\/div>\n\t\t\t\t\t<\/div>\n\t\t<\/div>\n\t\t\t\t<div class=\"elementor-column elementor-col-33 elementor-top-column elementor-element elementor-element-aec0b27\" data-id=\"aec0b27\" data-element_type=\"column\" data-settings=\"{&quot;avante_ext_is_scrollme&quot;:&quot;false&quot;,&quot;avante_ext_is_smoove&quot;:&quot;false&quot;,&quot;avante_ext_is_parallax_mouse&quot;:&quot;false&quot;,&quot;avante_ext_is_infinite&quot;:&quot;false&quot;}\">\n\t\t\t<div class=\"elementor-widget-wrap elementor-element-populated\">\n\t\t\t\t\t\t\t\t<div class=\"elementor-element elementor-element-3977990 elementor-position-left elementor-view-default elementor-mobile-position-top elementor-vertical-align-top elementor-widget elementor-widget-icon-box\" data-id=\"3977990\" data-element_type=\"widget\" data-settings=\"{&quot;avante_ext_is_scrollme&quot;:&quot;false&quot;,&quot;avante_ext_is_smoove&quot;:&quot;false&quot;,&quot;avante_ext_is_parallax_mouse&quot;:&quot;false&quot;,&quot;avante_ext_is_infinite&quot;:&quot;false&quot;}\" data-widget_type=\"icon-box.default\">\n\t\t\t\t<div class=\"elementor-widget-container\">\n\t\t\t\t\t<div class=\"elementor-icon-box-wrapper\">\n\t\t\t\t\t\t<div class=\"elementor-icon-box-icon\">\n\t\t\t\t<a class=\"elementor-icon elementor-animation-\" href=\"https:\/\/hb-fondation.com\/?page_id=15074\">\n\t\t\t\t<i aria-hidden=\"true\" class=\"far fa-arrow-alt-circle-right\"><\/i>\t\t\t\t<\/a>\n\t\t\t<\/div>\n\t\t\t\t\t\t<div class=\"elementor-icon-box-content\">\n\t\t\t\t<h6 class=\"elementor-icon-box-title\">\n\t\t\t\t\t<a href=\"https:\/\/hb-fondation.com\/?page_id=15074\" >\n\t\t\t\t\t\tT\u00e9moignages \u00e9crits\t\t\t\t\t<\/a>\n\t\t\t\t<\/h6>\n\t\t\t\t\t\t\t<\/div>\n\t\t<\/div>\n\t\t\t\t<\/div>\n\t\t\t\t<\/div>\n\t\t\t\t\t<\/div>\n\t\t<\/div>\n\t\t\t\t<div class=\"elementor-column elementor-col-33 elementor-top-column elementor-element elementor-element-8d9746d\" data-id=\"8d9746d\" data-element_type=\"column\" data-settings=\"{&quot;avante_ext_is_scrollme&quot;:&quot;false&quot;,&quot;avante_ext_is_smoove&quot;:&quot;false&quot;,&quot;avante_ext_is_parallax_mouse&quot;:&quot;false&quot;,&quot;avante_ext_is_infinite&quot;:&quot;false&quot;}\">\n\t\t\t<div class=\"elementor-widget-wrap\">\n\t\t\t\t\t\t\t\t\t<\/div>\n\t\t<\/div>\n\t\t\t\t\t\t\t<\/div>\n\t\t<\/section>\n\t\t\t\t<section class=\"elementor-section elementor-top-section elementor-element elementor-element-3754cfd elementor-section-boxed elementor-section-height-default elementor-section-height-default wpr-particle-no wpr-jarallax-no wpr-parallax-no wpr-sticky-section-no\" data-id=\"3754cfd\" data-element_type=\"section\">\n\t\t\t\t\t\t<div class=\"elementor-container elementor-column-gap-default\">\n\t\t\t\t\t<div class=\"elementor-column elementor-col-100 elementor-top-column elementor-element elementor-element-4758afd\" data-id=\"4758afd\" data-element_type=\"column\" data-settings=\"{&quot;avante_ext_is_scrollme&quot;:&quot;false&quot;,&quot;avante_ext_is_smoove&quot;:&quot;false&quot;,&quot;avante_ext_is_parallax_mouse&quot;:&quot;false&quot;,&quot;avante_ext_is_infinite&quot;:&quot;false&quot;}\">\n\t\t\t<div class=\"elementor-widget-wrap elementor-element-populated\">\n\t\t\t\t\t\t\t\t<div class=\"elementor-element elementor-element-e4d6432 elementor-widget-divider--view-line elementor-widget elementor-widget-divider\" data-id=\"e4d6432\" data-element_type=\"widget\" data-settings=\"{&quot;avante_ext_is_scrollme&quot;:&quot;false&quot;,&quot;avante_ext_is_smoove&quot;:&quot;false&quot;,&quot;avante_ext_is_parallax_mouse&quot;:&quot;false&quot;,&quot;avante_ext_is_infinite&quot;:&quot;false&quot;}\" data-widget_type=\"divider.default\">\n\t\t\t\t<div class=\"elementor-widget-container\">\n\t\t\t\t\t<div class=\"elementor-divider\">\n\t\t\t<span class=\"elementor-divider-separator\">\n\t\t\t\t\t\t<\/span>\n\t\t<\/div>\n\t\t\t\t<\/div>\n\t\t\t\t<\/div>\n\t\t\t\t\t<\/div>\n\t\t<\/div>\n\t\t\t\t\t\t\t<\/div>\n\t\t<\/section>\n\t\t\t\t<section class=\"elementor-section elementor-top-section elementor-element elementor-element-59b41fd elementor-section-boxed elementor-section-height-default elementor-section-height-default wpr-particle-no wpr-jarallax-no wpr-parallax-no wpr-sticky-section-no\" data-id=\"59b41fd\" data-element_type=\"section\">\n\t\t\t\t\t\t<div class=\"elementor-container elementor-column-gap-default\">\n\t\t\t\t\t<div class=\"elementor-column elementor-col-100 elementor-top-column elementor-element elementor-element-79ee4b6\" data-id=\"79ee4b6\" data-element_type=\"column\" data-settings=\"{&quot;avante_ext_is_scrollme&quot;:&quot;false&quot;,&quot;avante_ext_is_smoove&quot;:&quot;false&quot;,&quot;avante_ext_is_parallax_mouse&quot;:&quot;false&quot;,&quot;avante_ext_is_infinite&quot;:&quot;false&quot;}\">\n\t\t\t<div class=\"elementor-widget-wrap elementor-element-populated\">\n\t\t\t\t\t\t\t\t<div class=\"elementor-element elementor-element-46709cc elementor-widget elementor-widget-spacer\" data-id=\"46709cc\" data-element_type=\"widget\" data-settings=\"{&quot;avante_ext_is_scrollme&quot;:&quot;false&quot;,&quot;avante_ext_is_smoove&quot;:&quot;false&quot;,&quot;avante_ext_is_parallax_mouse&quot;:&quot;false&quot;,&quot;avante_ext_is_infinite&quot;:&quot;false&quot;}\" data-widget_type=\"spacer.default\">\n\t\t\t\t<div class=\"elementor-widget-container\">\n\t\t\t\t\t<div class=\"elementor-spacer\">\n\t\t\t<div class=\"elementor-spacer-inner\"><\/div>\n\t\t<\/div>\n\t\t\t\t<\/div>\n\t\t\t\t<\/div>\n\t\t\t\t\t<\/div>\n\t\t<\/div>\n\t\t\t\t\t\t\t<\/div>\n\t\t<\/section>\n\t\t\t\t<section class=\"elementor-section elementor-top-section elementor-element elementor-element-2318b34 elementor-section-boxed elementor-section-height-default elementor-section-height-default wpr-particle-no wpr-jarallax-no wpr-parallax-no wpr-sticky-section-no\" data-id=\"2318b34\" data-element_type=\"section\" data-settings=\"{&quot;background_background&quot;:&quot;gradient&quot;}\">\n\t\t\t\t\t\t<div class=\"elementor-container elementor-column-gap-default\">\n\t\t\t\t\t<div class=\"elementor-column elementor-col-100 elementor-top-column elementor-element elementor-element-c93a5c0\" data-id=\"c93a5c0\" data-element_type=\"column\" data-settings=\"{&quot;avante_ext_is_scrollme&quot;:&quot;false&quot;,&quot;avante_ext_is_smoove&quot;:&quot;false&quot;,&quot;avante_ext_is_parallax_mouse&quot;:&quot;false&quot;,&quot;avante_ext_is_infinite&quot;:&quot;false&quot;}\">\n\t\t\t<div class=\"elementor-widget-wrap elementor-element-populated\">\n\t\t\t\t\t\t\t\t<div class=\"elementor-element elementor-element-d40a247 elementor-widget elementor-widget-text-editor\" data-id=\"d40a247\" data-element_type=\"widget\" data-settings=\"{&quot;avante_ext_is_scrollme&quot;:&quot;false&quot;,&quot;avante_ext_is_smoove&quot;:&quot;false&quot;,&quot;avante_ext_is_parallax_mouse&quot;:&quot;false&quot;,&quot;avante_ext_is_infinite&quot;:&quot;false&quot;}\" data-widget_type=\"text-editor.default\">\n\t\t\t\t<div class=\"elementor-widget-container\">\n\t\t\t\t\t\t\t<br><em>J\u2019ai eu l\u2019honneur et le plaisir de conna\u00eetre feu Monsieur H\u00e9di Bouchamaoui et ce dans le cadre de la coop\u00e9ration entre la Soci\u00e9t\u00e9 Nationale des P\u00e9troles d\u2019Aquitaine et l\u2019entreprise H\u00e9di Bouchamaoui &amp; fr\u00e8res.<\/em>\n\n<br>En effet, apr\u00e8s des \u00e9tudes g\u00e9ologiques, la SNPA \u2013 via la repr\u00e9sentation en Tunisie de la SEREPT (La Soci\u00e9t\u00e9 de Recherches et d&rsquo;Exploitation des P\u00e9troles en Tunisie) a d\u00e9cid\u00e9 d\u2019effectuer, dans les ann\u00e9es 60, des forages de recherche p\u00e9troli\u00e8re dans la zone montagneuse du Djebel Semmama (Gouvernorat de Kasserine).\nPour chaque forage, il fallait effectuer des travaux de g\u00e9nie civil et notamment pr\u00e9parer une plateforme pour le derrick et tous les auxiliaires et am\u00e9nager des voies d\u2019acc\u00e8s adapt\u00e9es au transport de charges lourdes et hors gabarit.\n\n<br>L\u2019entreprise H\u00e9di Bouchamaoui &amp; fr\u00e8res, sp\u00e9cialis\u00e9e dans le g\u00e9nie civil, a \u00e9t\u00e9 retenue pour ces travaux. C\u2019est ainsi que Monsieur H\u00e9di Bouchamaoui a su, \u00e0 notre tr\u00e8s grande satisfaction adapter les moyens de l\u2019entreprise et former son personnel pour r\u00e9pondre \u00e0 nos besoins sp\u00e9cifiques.\nJ\u2019avais d\u00e9couvert en lui toute la dimension humaine et ses grandes comp\u00e9tences techniques qui l\u2019ont constamment caract\u00e9ris\u00e9 : toujours proche de ses cadres et employ\u00e9s, il \u00e9tait un homme de terrain toujours soucieux de leur bien \u00eatre et de leur confort et ne cessait de valoriser ses collaborateurs. Il veillait \u00e0 leur procurer les meilleures conditions de travail et tenait \u00e0 leur faire c\u00f4toyer les meilleurs sp\u00e9cialistes.\nA l\u2019\u00e9poque, les forages ont permis la d\u00e9couverte de deux gisements (El Douleb et Tamesmida, dans le gouvernorat de Kasserine).\n\n<br>Pour la mise en production de ces gisements, il fallait des forages compl\u00e9mentaires et construire sur le site d\u2019El Douleb un centre de traitement, de stockage, un ol\u00e9oduc jusqu\u2019au terminal de La Skhira ainsi qu\u2019un centre de vie.\nTous les travaux de g\u00e9nie civil ont \u00e9t\u00e9 r\u00e9alis\u00e9s par l\u2019entreprise H\u00e9di Bouchamaoui &amp; fr\u00e8res. Monsieur H\u00e9di Bouchamaoui s\u2019est personnellement impliqu\u00e9 dans la r\u00e9alisation de ces travaux particuliers, nouveaux en Tunisie. Il avait apport\u00e9 son exp\u00e9rience d\u2019entrepreneur, sa connaissance de l\u2019environnement, des particularit\u00e9s administratives et environnementales.\n\n<br>Sur le plan technique , nos \u00e9changes \u00e9taient permanents et j\u2019ai beaucoup appr\u00e9ci\u00e9 la facilit\u00e9 d\u2019adaptation et la rapidit\u00e9 de r\u00e9action de Monsieur H\u00e9di Bouchamaoui pour r\u00e9soudre les probl\u00e8mes qui s\u2019\u00e9taient pr\u00e9sent\u00e9s. Nos relations ont \u00e9t\u00e9 bas\u00e9es sur une confiance r\u00e9ciproque avec le souci commun du bon ach\u00e8vement des travaux et le respect des d\u00e9lais impartis.\nMes relations avec Monsieur H\u00e9di Bouchamaoui ne se sont pas limit\u00e9es \u00e0 des travaux en Tunisie. La SNPA, qui op\u00e9rait en Lybie, devait mettre en production le gisement p\u00e9trolier d\u2019EL Magid situ\u00e9 dans une zone d\u00e9sertique au sud du pays. On a fait appel \u00e0 Monsieur H\u00e9di Bouchamaoui pour lui demander s\u2019il serait d\u2019accord pour venir travailler en Lybie sous r\u00e9serve d\u2019obtenir les autorisations de l\u2019administration de ce pays. Il m\u2019a demand\u00e9 un d\u00e9lai de r\u00e9flexion et, apr\u00e8s quelques jours, il m\u2019a dit qu\u2019il pouvait r\u00e9aliser les travaux. C\u2019est dire la profonde r\u00e9flexion qui animait constamment ce Monsieur : son acceptation est surtout motiv\u00e9e par un professionnalisme hors pair o\u00f9 l\u2019\u00e9tude des moyens humains et techniques et le respect des cahiers de charge primaient avant tout.\n\n<br>Une quinzaine de jours plus tard, une \u00e9quipe \u00e9tait sur place avec les engins n\u00e9cessaires y compris le centre de vie pour le personnel. Cette r\u00e9activit\u00e9 m\u00e9rite d\u2019\u00eatre soulign\u00e9e car elle est rare et elle est l\u2019apanage de personnes exceptionnelles.\nMonsieur H\u00e9di Bouchamaoui a \u00e9t\u00e9 sollicit\u00e9 directement par les autorit\u00e9s libyennes pour obtenir de tr\u00e8s gros chantiers \u00e0 l\u2019\u00e9chelle internationale notamment dans le domaine agricole et l\u2019am\u00e9nagement des sols, cr\u00e9ant ainsi une nouvelle activit\u00e9 pour son entreprise.\nEn effet, en 1968, s\u2019appuyant sur sa vaste exp\u00e9rience acquise localement et en Libye, l\u2019entreprise a d\u00e9velopp\u00e9 ses performances pour couvrir le domaine des hydrocarbures et devint l\u2019entreprise pionni\u00e8re en Tunisie sp\u00e9cialis\u00e9e dans la pose de pipelines de p\u00e9trole brut et de gaz et a chang\u00e9 sa d\u00e9nomination en \u00ab Bouchamaoui Activit\u00e9s P\u00e9troli\u00e8res &#8211; BAP\u00bb.\nB.A.P a r\u00e9ussi plusieurs projets, onshore et offshore : elle \u00e9tait la premi\u00e8re entreprise tunisienne qui a r\u00e9ussi la r\u00e9alisation d\u2019une plateforme offshore (\u00ab\u00a0Ashtart\u00a0\u00bb &#8211; au large du golfe de Gab\u00e8s, en 1984).\n\n<br>J\u2019ai suivi avec beaucoup d\u2019attention tous les pr\u00e9paratifs de cette p\u00e9riode de la construction de la plateforme d\u2019Ashtart, une premi\u00e8re en Tunisie, et qui a eu lieu \u00e0 Bouchemma au cours de laquelle, M. H\u00e9di Bouchamaoui a fait appel \u00e0 des formateurs fran\u00e7ais issus de l\u2019Institut Fran\u00e7ais de Soudure pour procurer une formation certifi\u00e9e \u00e0 l\u2019\u00e9chelle internationale en faveurs de plus de 600 jeunes tunisiens issus des lyc\u00e9es techniques. Cette exp\u00e9rience fut un \u00e9norme succ\u00e8s eu \u00e9gard \u00e0 la rigueur, \u00e0 la grande ma\u00eetrise et au professionnalisme de la soci\u00e9t\u00e9 \u00ab Bouchamaoui Activit\u00e9s P\u00e9troli\u00e8res \u2013 BAP \u00bb.\n\n<br>En 1993, H\u00e9di Bouchamaoui s\u2019attaquera, aussi, \u00e0 l\u2019un des domaines les plus difficiles de par la rigueur qu\u2019il exige, celui de la recherche et l\u2019exploitation p\u00e9troli\u00e8re en Tunisie. La dimension internationale suivra par l\u2019installation en Egypte o\u00f9 il aura une r\u00e9ussite exceptionnelle. Il fondera une compagnie d\u2019exploration et de production de p\u00e9trole et de gaz \u00ab H\u00e9di Bouchamaoui \u00a7 Sons &#8211; HBS \u00bb, premi\u00e8re compagnie priv\u00e9e en Tunisie et en Afrique, dont les activit\u00e9s de prospection ont commenc\u00e9 par couvrir les zones d\u2019El Borma et M\u00e9denine au sud tunisien.\n\n<br>Pour moi, et apr\u00e8s de si longues ann\u00e9es de fr\u00e9quentation et de connaissance, M. H\u00e9di Bouchamaoui demeurera un mod\u00e8le pour les g\u00e9n\u00e9rations futures. C\u2019est un symbole de patriotisme, d\u2019abn\u00e9gation, de don de soi et de succ\u00e8s \u00e0 la fois pour sa personne, sa famille et sa patrie. C\u2019est avec beaucoup de bonheur que je constate que ses enfants ont continu\u00e9 la noble mission de leur p\u00e8re tout en diversifiant les activit\u00e9s. J\u2019esp\u00e8re du fond du c\u0153ur que d\u2019autres g\u00e9n\u00e9rations vont reprendre le flambeau et aller de l\u2019avant.\n\n<br><br><em><strong>Pau \/France, le 25 d\u00e9cembre 2019.<\/strong><\/em><br><br>\t\t\t\t\t\t<\/div>\n\t\t\t\t<\/div>\n\t\t\t\t\t<\/div>\n\t\t<\/div>\n\t\t\t\t\t\t\t<\/div>\n\t\t<\/section>\n\t\t\t\t<section class=\"elementor-section elementor-top-section elementor-element elementor-element-bd33703 elementor-section-boxed elementor-section-height-default elementor-section-height-default wpr-particle-no wpr-jarallax-no wpr-parallax-no wpr-sticky-section-no\" data-id=\"bd33703\" data-element_type=\"section\">\n\t\t\t\t\t\t<div class=\"elementor-container elementor-column-gap-default\">\n\t\t\t\t\t<div class=\"elementor-column elementor-col-100 elementor-top-column elementor-element elementor-element-d355d05\" data-id=\"d355d05\" data-element_type=\"column\" data-settings=\"{&quot;avante_ext_is_scrollme&quot;:&quot;false&quot;,&quot;avante_ext_is_smoove&quot;:&quot;false&quot;,&quot;avante_ext_is_parallax_mouse&quot;:&quot;false&quot;,&quot;avante_ext_is_infinite&quot;:&quot;false&quot;}\">\n\t\t\t<div class=\"elementor-widget-wrap elementor-element-populated\">\n\t\t\t\t\t\t\t\t<div class=\"elementor-element elementor-element-44723a5 elementor-widget elementor-widget-spacer\" data-id=\"44723a5\" data-element_type=\"widget\" data-settings=\"{&quot;avante_ext_is_scrollme&quot;:&quot;false&quot;,&quot;avante_ext_is_smoove&quot;:&quot;false&quot;,&quot;avante_ext_is_parallax_mouse&quot;:&quot;false&quot;,&quot;avante_ext_is_infinite&quot;:&quot;false&quot;}\" data-widget_type=\"spacer.default\">\n\t\t\t\t<div class=\"elementor-widget-container\">\n\t\t\t\t\t<div class=\"elementor-spacer\">\n\t\t\t<div class=\"elementor-spacer-inner\"><\/div>\n\t\t<\/div>\n\t\t\t\t<\/div>\n\t\t\t\t<\/div>\n\t\t\t\t\t<\/div>\n\t\t<\/div>\n\t\t\t\t\t\t\t<\/div>\n\t\t<\/section>\n\t\t\t\t\t\t\t<\/div>\n\t\t","protected":false},"excerpt":{"rendered":"<p>T\u00e9moignage d\u2019Alain BASSIER Ancien Ing\u00e9nieur \u00e0 la Division Travaux de la Soci\u00e9t\u00e9 Nationale des P\u00e9troles d\u2019Aquitaine &#8211; France. Ancien Responsable du secteur M\u00e9diterran\u00e9e Accueil T\u00e9moignages \u00e9crits J\u2019ai eu l\u2019honneur et le plaisir de conna\u00eetre feu Monsieur H\u00e9di Bouchamaoui et ce [&hellip;]<\/p>\n","protected":false},"author":1,"featured_media":0,"parent":0,"menu_order":0,"comment_status":"closed","ping_status":"closed","template":"","meta":[],"_links":{"self":[{"href":"https:\/\/hb-fondation.com\/index.php?rest_route=\/wp\/v2\/pages\/14033"}],"collection":[{"href":"https:\/\/hb-fondation.com\/index.php?rest_route=\/wp\/v2\/pages"}],"about":[{"href":"https:\/\/hb-fondation.com\/index.php?rest_route=\/wp\/v2\/types\/page"}],"author":[{"embeddable":true,"href":"https:\/\/hb-fondation.com\/index.php?rest_route=\/wp\/v2\/users\/1"}],"replies":[{"embeddable":true,"href":"https:\/\/hb-fondation.com\/index.php?rest_route=%2Fwp%2Fv2%2Fcomments&post=14033"}],"version-history":[{"count":0,"href":"https:\/\/hb-fondation.com\/index.php?rest_route=\/wp\/v2\/pages\/14033\/revisions"}],"wp:attachment":[{"href":"https:\/\/hb-fondation.com\/index.php?rest_route=%2Fwp%2Fv2%2Fmedia&parent=14033"}],"curies":[{"name":"wp","href":"https:\/\/api.w.org\/{rel}","templated":true}]}}